{"id":990,"date":"2024-06-26T13:42:57","date_gmt":"2024-06-26T11:42:57","guid":{"rendered":"https:\/\/tme-bienetre.fr\/?page_id=990"},"modified":"2024-08-14T14:35:35","modified_gmt":"2024-08-14T12:35:35","slug":"blog","status":"publish","type":"page","link":"https:\/\/tme-bienetre.fr\/index.php\/blog\/","title":{"rendered":"Blog"},"content":{"rendered":"\t\t<div data-elementor-type=\"wp-page\" data-elementor-id=\"990\" class=\"elementor elementor-990\" data-elementor-post-type=\"page\">\n\t\t\t\t\t\t<section class=\"elementor-section elementor-top-section elementor-element elementor-element-4860e22 elementor-section-boxed elementor-section-height-default elementor-section-height-default\" data-id=\"4860e22\" data-element_type=\"section\" data-e-type=\"section\">\n\t\t\t\t\t\t<div class=\"elementor-container elementor-column-gap-default\">\n\t\t\t\t\t<div class=\"elementor-column elementor-col-100 elementor-top-column elementor-element elementor-element-2e95d3d\" data-id=\"2e95d3d\" data-element_type=\"column\" data-e-type=\"column\" data-settings=\"{&quot;background_background&quot;:&quot;classic&quot;}\">\n\t\t\t<div class=\"elementor-widget-wrap elementor-element-populated\">\n\t\t\t\t\t\t<div class=\"elementor-element elementor-element-5c96421 elementor-invisible elementor-widget elementor-widget-heading\" data-id=\"5c96421\" data-element_type=\"widget\" data-e-type=\"widget\" data-settings=\"{&quot;_animation&quot;:&quot;slideInUp&quot;}\" data-widget_type=\"heading.default\">\n\t\t\t\t<div class=\"elementor-widget-container\">\n\t\t\t\t\t<h1 class=\"elementor-heading-title elementor-size-default\">blog<\/h1>\t\t\t\t<\/div>\n\t\t\t\t<\/div>\n\t\t\t\t<div class=\"elementor-element elementor-element-c9bf520 elementor-widget elementor-widget-text-editor\" data-id=\"c9bf520\" data-element_type=\"widget\" data-e-type=\"widget\" data-widget_type=\"text-editor.default\">\n\t\t\t\t<div class=\"elementor-widget-container\">\n\t\t\t\t\t\t\t\t\t<p>o\u00f9 l\u2019harmonie int\u00e9rieure prend racine<\/p>\t\t\t\t\t\t\t\t<\/div>\n\t\t\t\t<\/div>\n\t\t\t\t\t<\/div>\n\t\t<\/div>\n\t\t\t\t\t<\/div>\n\t\t<\/section>\n\t\t\t\t<section class=\"elementor-section elementor-top-section elementor-element elementor-element-51564f5 elementor-section-content-middle elementor-section-boxed elementor-section-height-default elementor-section-height-default\" data-id=\"51564f5\" data-element_type=\"section\" data-e-type=\"section\">\n\t\t\t\t\t\t<div class=\"elementor-container elementor-column-gap-default\">\n\t\t\t\t\t<div class=\"elementor-column elementor-col-100 elementor-top-column elementor-element elementor-element-d634a03\" data-id=\"d634a03\" data-element_type=\"column\" data-e-type=\"column\" data-settings=\"{&quot;background_background&quot;:&quot;classic&quot;}\">\n\t\t\t<div class=\"elementor-widget-wrap elementor-element-populated\">\n\t\t\t\t\t\t<div class=\"elementor-element elementor-element-7d6eccd elementor-grid-3 elementor-grid-tablet-2 elementor-grid-mobile-1 elementor-posts--thumbnail-top elementor-card-shadow-yes elementor-posts__hover-gradient elementor-widget elementor-widget-posts\" data-id=\"7d6eccd\" data-element_type=\"widget\" data-e-type=\"widget\" data-settings=\"{&quot;cards_columns&quot;:&quot;3&quot;,&quot;cards_columns_tablet&quot;:&quot;2&quot;,&quot;cards_columns_mobile&quot;:&quot;1&quot;,&quot;cards_row_gap&quot;:{&quot;unit&quot;:&quot;px&quot;,&quot;size&quot;:35,&quot;sizes&quot;:[]},&quot;cards_row_gap_tablet&quot;:{&quot;unit&quot;:&quot;px&quot;,&quot;size&quot;:&quot;&quot;,&quot;sizes&quot;:[]},&quot;cards_row_gap_mobile&quot;:{&quot;unit&quot;:&quot;px&quot;,&quot;size&quot;:&quot;&quot;,&quot;sizes&quot;:[]}}\" data-widget_type=\"posts.cards\">\n\t\t\t\t<div class=\"elementor-widget-container\">\n\t\t\t\t\t\t\t<div class=\"elementor-posts-container elementor-posts elementor-posts--skin-cards elementor-grid\" role=\"list\">\n\t\t\t\t<article class=\"elementor-post elementor-grid-item post-1076 post type-post status-publish format-standard has-post-thumbnail hentry category-non-classe\" role=\"listitem\">\n\t\t\t<div class=\"elementor-post__card\">\n\t\t\t\t<a class=\"elementor-post__thumbnail__link\" href=\"https:\/\/tme-bienetre.fr\/index.php\/2024\/06\/26\/inauguration-du-nouveau-site-de-votre-partenaire-tme-bien-etre\/\" tabindex=\"-1\" ><div class=\"elementor-post__thumbnail\"><img fetchpriority=\"high\" decoding=\"async\" width=\"2000\" height=\"2000\" src=\"https:\/\/tme-bienetre.fr\/wp-content\/uploads\/2024\/06\/young-healthy-woman-relaxing-and-getting-back-massag-.jpg\" class=\"attachment-full size-full wp-image-834\" alt=\"Young healthy woman relaxing and getting back massag.\" srcset=\"https:\/\/tme-bienetre.fr\/wp-content\/uploads\/2024\/06\/young-healthy-woman-relaxing-and-getting-back-massag-.jpg 2000w, https:\/\/tme-bienetre.fr\/wp-content\/uploads\/2024\/06\/young-healthy-woman-relaxing-and-getting-back-massag--300x300.jpg 300w, https:\/\/tme-bienetre.fr\/wp-content\/uploads\/2024\/06\/young-healthy-woman-relaxing-and-getting-back-massag--1024x1024.jpg 1024w, https:\/\/tme-bienetre.fr\/wp-content\/uploads\/2024\/06\/young-healthy-woman-relaxing-and-getting-back-massag--150x150.jpg 150w, https:\/\/tme-bienetre.fr\/wp-content\/uploads\/2024\/06\/young-healthy-woman-relaxing-and-getting-back-massag--768x768.jpg 768w, https:\/\/tme-bienetre.fr\/wp-content\/uploads\/2024\/06\/young-healthy-woman-relaxing-and-getting-back-massag--1536x1536.jpg 1536w\" sizes=\"(max-width: 2000px) 100vw, 2000px\" \/><\/div><\/a>\n\t\t\t\t<div class=\"elementor-post__text\">\n\t\t\t\t<h3 class=\"elementor-post__title\">\n\t\t\t<a href=\"https:\/\/tme-bienetre.fr\/index.php\/2024\/06\/26\/inauguration-du-nouveau-site-de-votre-partenaire-tme-bien-etre\/\" >\n\t\t\t\tInauguration du nouveau site de votre partenaire : TME Bien-\u00eatre\t\t\t<\/a>\n\t\t<\/h3>\n\t\t\t\t<div class=\"elementor-post__excerpt\">\n\t\t\t<p>Alphacom, notre agence digitale de confiance, a brillamment r\u00e9alis\u00e9 notre site internet vitrine. Leur professionnalisme et leur expertise ont abouti \u00e0 un r\u00e9sultat qui refl\u00e8te<\/p>\n\t\t<\/div>\n\t\t\n\t\t<a class=\"elementor-post__read-more\" href=\"https:\/\/tme-bienetre.fr\/index.php\/2024\/06\/26\/inauguration-du-nouveau-site-de-votre-partenaire-tme-bien-etre\/\" aria-label=\"En savoir plus sur Inauguration du nouveau site de votre partenaire : TME Bien-\u00eatre\" tabindex=\"-1\" >\n\t\t\tLire la suite \u00bb\t\t<\/a>\n\n\t\t\t\t<\/div>\n\t\t\t\t<div class=\"elementor-post__meta-data\">\n\t\t\t\t\t<span class=\"elementor-post-date\">\n\t\t\t26 juin 2024\t\t<\/span>\n\t\t\t\t<\/div>\n\t\t\t\t\t<\/div>\n\t\t<\/article>\n\t\t\t\t<\/div>\n\t\t\n\t\t\t\t\t\t<\/div>\n\t\t\t\t<\/div>\n\t\t\t\t\t<\/div>\n\t\t<\/div>\n\t\t\t\t\t<\/div>\n\t\t<\/section>\n\t\t\t\t<section class=\"elementor-section elementor-top-section elementor-element elementor-element-ad86a1f elementor-section-boxed elementor-section-height-default elementor-section-height-default\" data-id=\"ad86a1f\" data-element_type=\"section\" data-e-type=\"section\">\n\t\t\t\t\t\t<div class=\"elementor-container elementor-column-gap-default\">\n\t\t\t\t\t<div class=\"elementor-column elementor-col-100 elementor-top-column elementor-element elementor-element-64ae87d\" data-id=\"64ae87d\" data-element_type=\"column\" data-e-type=\"column\" data-settings=\"{&quot;background_background&quot;:&quot;classic&quot;}\">\n\t\t\t<div class=\"elementor-widget-wrap elementor-element-populated\">\n\t\t\t\t\t\t<section class=\"elementor-section elementor-inner-section elementor-element elementor-element-beabc91 elementor-section-content-middle elementor-section-boxed elementor-section-height-default elementor-section-height-default\" data-id=\"beabc91\" data-element_type=\"section\" data-e-type=\"section\">\n\t\t\t\t\t\t<div class=\"elementor-container elementor-column-gap-default\">\n\t\t\t\t\t<div class=\"elementor-column elementor-col-50 elementor-inner-column elementor-element elementor-element-c2c8039\" data-id=\"c2c8039\" data-element_type=\"column\" data-e-type=\"column\">\n\t\t\t<div class=\"elementor-widget-wrap elementor-element-populated\">\n\t\t\t\t\t\t<div class=\"elementor-element elementor-element-bd49b19 elementor-widget elementor-widget-image\" data-id=\"bd49b19\" data-element_type=\"widget\" data-e-type=\"widget\" data-widget_type=\"image.default\">\n\t\t\t\t<div class=\"elementor-widget-container\">\n\t\t\t\t\t\t\t\t\t\t\t\t\t\t\t<img decoding=\"async\" width=\"800\" height=\"534\" src=\"https:\/\/tme-bienetre.fr\/wp-content\/uploads\/2024\/06\/back-massage-1024x683.jpg\" class=\"attachment-large size-large wp-image-915\" alt=\"Back Massage\" srcset=\"https:\/\/tme-bienetre.fr\/wp-content\/uploads\/2024\/06\/back-massage-1024x683.jpg 1024w, https:\/\/tme-bienetre.fr\/wp-content\/uploads\/2024\/06\/back-massage-300x200.jpg 300w, https:\/\/tme-bienetre.fr\/wp-content\/uploads\/2024\/06\/back-massage-768x512.jpg 768w, https:\/\/tme-bienetre.fr\/wp-content\/uploads\/2024\/06\/back-massage-1536x1025.jpg 1536w, https:\/\/tme-bienetre.fr\/wp-content\/uploads\/2024\/06\/back-massage.jpg 2000w\" sizes=\"(max-width: 800px) 100vw, 800px\" \/>\t\t\t\t\t\t\t\t\t\t\t\t\t\t\t<\/div>\n\t\t\t\t<\/div>\n\t\t\t\t\t<\/div>\n\t\t<\/div>\n\t\t\t\t<div class=\"elementor-column elementor-col-50 elementor-inner-column elementor-element elementor-element-a6f68a5\" data-id=\"a6f68a5\" data-element_type=\"column\" data-e-type=\"column\">\n\t\t\t<div class=\"elementor-widget-wrap elementor-element-populated\">\n\t\t\t\t\t\t<div class=\"elementor-element elementor-element-5dec365 elementor-widget elementor-widget-text-editor\" data-id=\"5dec365\" data-element_type=\"widget\" data-e-type=\"widget\" data-widget_type=\"text-editor.default\">\n\t\t\t\t<div class=\"elementor-widget-container\">\n\t\t\t\t\t\t\t\t\t<p>Besoin de r\u00e9server une s\u00e9ance de massage, de r\u00e9flexologie ou d\u2019hypnose ? Ou peut-\u00eatre souhaitez-vous parler \u00e0 un expert pour trouver la meilleure approche pour votre bien-\u00eatre ? <br \/><br \/>Contactez-nous d\u00e8s maintenant et d\u00e9couvrez comment TME Bien-\u00eatre peut vous accompagner vers une harmonie int\u00e9rieure. Nous sommes l\u00e0 pour r\u00e9pondre \u00e0 vos besoins et vous guider vers un mieux-\u00eatre.<\/p>\t\t\t\t\t\t\t\t<\/div>\n\t\t\t\t<\/div>\n\t\t\t\t<div class=\"elementor-element elementor-element-8930b9e elementor-widget elementor-widget-text-editor\" data-id=\"8930b9e\" data-element_type=\"widget\" data-e-type=\"widget\" data-widget_type=\"text-editor.default\">\n\t\t\t\t<div class=\"elementor-widget-container\">\n\t\t\t\t\t\t\t\t\t<p><em>TME Bien-\u00eatre ne remplace pas les soins m\u00e9dicaux professionnels. Consultez toujours un m\u00e9decin pour toute condition de sant\u00e9.<\/em>: <em>Les r\u00e9sultats individuels peuvent varier.<\/em><\/p>\t\t\t\t\t\t\t\t<\/div>\n\t\t\t\t<\/div>\n\t\t\t\t<div class=\"elementor-element elementor-element-d25edab elementor-widget elementor-widget-button\" data-id=\"d25edab\" data-element_type=\"widget\" data-e-type=\"widget\" data-widget_type=\"button.default\">\n\t\t\t\t<div class=\"elementor-widget-container\">\n\t\t\t\t\t\t\t\t\t<div class=\"elementor-button-wrapper\">\n\t\t\t\t\t<a class=\"elementor-button elementor-button-link elementor-size-sm\" href=\"https:\/\/calendar.google.com\/calendar\/u\/0\/appointments\/schedules\/AcZssZ1HkTQNo6j4n1fgzqcvP0dpECtb0Ko5VIgadjl0Tr-qkHXUDzOMdXhftYlfZdhKK7if0l10mdEI\">\n\t\t\t\t\t\t<span class=\"elementor-button-content-wrapper\">\n\t\t\t\t\t\t\t\t\t<span class=\"elementor-button-text\">prendre rendez-vous<\/span>\n\t\t\t\t\t<\/span>\n\t\t\t\t\t<\/a>\n\t\t\t\t<\/div>\n\t\t\t\t\t\t\t\t<\/div>\n\t\t\t\t<\/div>\n\t\t\t\t<div class=\"elementor-element elementor-element-ef84322 elementor-widget elementor-widget-button\" data-id=\"ef84322\" data-element_type=\"widget\" data-e-type=\"widget\" data-widget_type=\"button.default\">\n\t\t\t\t<div class=\"elementor-widget-container\">\n\t\t\t\t\t\t\t\t\t<div class=\"elementor-button-wrapper\">\n\t\t\t\t\t<a class=\"elementor-button elementor-button-link elementor-size-sm\" href=\"https:\/\/tme-bienetre.fr\/index.php\/contact\/\">\n\t\t\t\t\t\t<span class=\"elementor-button-content-wrapper\">\n\t\t\t\t\t\t\t\t\t<span class=\"elementor-button-text\">Nous \u00e9crire<\/span>\n\t\t\t\t\t<\/span>\n\t\t\t\t\t<\/a>\n\t\t\t\t<\/div>\n\t\t\t\t\t\t\t\t<\/div>\n\t\t\t\t<\/div>\n\t\t\t\t\t<\/div>\n\t\t<\/div>\n\t\t\t\t\t<\/div>\n\t\t<\/section>\n\t\t\t\t\t<\/div>\n\t\t<\/div>\n\t\t\t\t\t<\/div>\n\t\t<\/section>\n\t\t\t\t<\/div>\n\t\t","protected":false},"excerpt":{"rendered":"<p>blog o\u00f9 l\u2019harmonie int\u00e9rieure prend racine Besoin de r\u00e9server une s\u00e9ance de massage, de r\u00e9flexologie ou d\u2019hypnose ? Ou peut-\u00eatre souhaitez-vous parler \u00e0 un expert pour trouver la meilleure approche pour votre bien-\u00eatre ? Contactez-nous d\u00e8s maintenant et d\u00e9couvrez comment TME Bien-\u00eatre peut vous accompagner vers une harmonie int\u00e9rieure. Nous sommes l\u00e0 pour r\u00e9pondre \u00e0 [&hellip;]<\/p>\n","protected":false},"author":1,"featured_media":0,"parent":0,"menu_order":0,"comment_status":"closed","ping_status":"closed","template":"elementor_header_footer","meta":{"footnotes":""},"class_list":["post-990","page","type-page","status-publish","hentry"],"yoast_head":"<!-- This site is optimized with the Yoast SEO plugin v27.3 - https:\/\/yoast.com\/product\/yoast-seo-wordpress\/ -->\n<title>Blog - TME Bien-\u00eatre - o\u00f9 l\u2019harmonie int\u00e9rieure prend racine<\/title>\n<meta name=\"robots\" content=\"index, follow, max-snippet:-1, max-image-preview:large, max-video-preview:-1\" \/>\n<link rel=\"canonical\" href=\"https:\/\/tme-bienetre.fr\/index.php\/blog\/\" \/>\n<meta property=\"og:locale\" content=\"fr_FR\" \/>\n<meta property=\"og:type\" content=\"article\" \/>\n<meta property=\"og:title\" content=\"Blog - TME Bien-\u00eatre - o\u00f9 l\u2019harmonie int\u00e9rieure prend racine\" \/>\n<meta property=\"og:description\" content=\"blog o\u00f9 l\u2019harmonie int\u00e9rieure prend racine Besoin de r\u00e9server une s\u00e9ance de massage, de r\u00e9flexologie ou d\u2019hypnose ? Ou peut-\u00eatre souhaitez-vous parler \u00e0 un expert pour trouver la meilleure approche pour votre bien-\u00eatre ? Contactez-nous d\u00e8s maintenant et d\u00e9couvrez comment TME Bien-\u00eatre peut vous accompagner vers une harmonie int\u00e9rieure. Nous sommes l\u00e0 pour r\u00e9pondre \u00e0 [&hellip;]\" \/>\n<meta property=\"og:url\" content=\"https:\/\/tme-bienetre.fr\/index.php\/blog\/\" \/>\n<meta property=\"og:site_name\" content=\"TME Bien-\u00eatre - o\u00f9 l\u2019harmonie int\u00e9rieure prend racine\" \/>\n<meta property=\"article:modified_time\" content=\"2024-08-14T12:35:35+00:00\" \/>\n<meta property=\"og:image\" content=\"https:\/\/tme-bienetre.fr\/wp-content\/uploads\/2024\/06\/back-massage-1024x683.jpg\" \/>\n<meta name=\"twitter:card\" content=\"summary_large_image\" \/>\n<meta name=\"twitter:label1\" content=\"Dur\u00e9e de lecture estim\u00e9e\" \/>\n\t<meta name=\"twitter:data1\" content=\"2 minutes\" \/>\n<script type=\"application\/ld+json\" class=\"yoast-schema-graph\">{\"@context\":\"https:\\\/\\\/schema.org\",\"@graph\":[{\"@type\":\"WebPage\",\"@id\":\"https:\\\/\\\/tme-bienetre.fr\\\/index.php\\\/blog\\\/\",\"url\":\"https:\\\/\\\/tme-bienetre.fr\\\/index.php\\\/blog\\\/\",\"name\":\"Blog - TME Bien-\u00eatre - o\u00f9 l\u2019harmonie int\u00e9rieure prend racine\",\"isPartOf\":{\"@id\":\"https:\\\/\\\/tme-bienetre.fr\\\/#website\"},\"primaryImageOfPage\":{\"@id\":\"https:\\\/\\\/tme-bienetre.fr\\\/index.php\\\/blog\\\/#primaryimage\"},\"image\":{\"@id\":\"https:\\\/\\\/tme-bienetre.fr\\\/index.php\\\/blog\\\/#primaryimage\"},\"thumbnailUrl\":\"https:\\\/\\\/tme-bienetre.fr\\\/wp-content\\\/uploads\\\/2024\\\/06\\\/back-massage-1024x683.jpg\",\"datePublished\":\"2024-06-26T11:42:57+00:00\",\"dateModified\":\"2024-08-14T12:35:35+00:00\",\"breadcrumb\":{\"@id\":\"https:\\\/\\\/tme-bienetre.fr\\\/index.php\\\/blog\\\/#breadcrumb\"},\"inLanguage\":\"fr-FR\",\"potentialAction\":[{\"@type\":\"ReadAction\",\"target\":[\"https:\\\/\\\/tme-bienetre.fr\\\/index.php\\\/blog\\\/\"]}]},{\"@type\":\"ImageObject\",\"inLanguage\":\"fr-FR\",\"@id\":\"https:\\\/\\\/tme-bienetre.fr\\\/index.php\\\/blog\\\/#primaryimage\",\"url\":\"https:\\\/\\\/tme-bienetre.fr\\\/wp-content\\\/uploads\\\/2024\\\/06\\\/back-massage.jpg\",\"contentUrl\":\"https:\\\/\\\/tme-bienetre.fr\\\/wp-content\\\/uploads\\\/2024\\\/06\\\/back-massage.jpg\",\"width\":2000,\"height\":1334,\"caption\":\"Back Massage\"},{\"@type\":\"BreadcrumbList\",\"@id\":\"https:\\\/\\\/tme-bienetre.fr\\\/index.php\\\/blog\\\/#breadcrumb\",\"itemListElement\":[{\"@type\":\"ListItem\",\"position\":1,\"name\":\"Accueil\",\"item\":\"https:\\\/\\\/tme-bienetre.fr\\\/\"},{\"@type\":\"ListItem\",\"position\":2,\"name\":\"Blog\"}]},{\"@type\":\"WebSite\",\"@id\":\"https:\\\/\\\/tme-bienetre.fr\\\/#website\",\"url\":\"https:\\\/\\\/tme-bienetre.fr\\\/\",\"name\":\"TME Bien-\u00eatre - o\u00f9 l\u2019harmonie int\u00e9rieure prend racine\",\"description\":\"\u00c9panouissez-vous avec TME Bien-\u00eatre\",\"publisher\":{\"@id\":\"https:\\\/\\\/tme-bienetre.fr\\\/#organization\"},\"potentialAction\":[{\"@type\":\"SearchAction\",\"target\":{\"@type\":\"EntryPoint\",\"urlTemplate\":\"https:\\\/\\\/tme-bienetre.fr\\\/?s={search_term_string}\"},\"query-input\":{\"@type\":\"PropertyValueSpecification\",\"valueRequired\":true,\"valueName\":\"search_term_string\"}}],\"inLanguage\":\"fr-FR\"},{\"@type\":\"Organization\",\"@id\":\"https:\\\/\\\/tme-bienetre.fr\\\/#organization\",\"name\":\"TME Bien-\u00eatre - o\u00f9 l\u2019harmonie int\u00e9rieure prend racine\",\"url\":\"https:\\\/\\\/tme-bienetre.fr\\\/\",\"logo\":{\"@type\":\"ImageObject\",\"inLanguage\":\"fr-FR\",\"@id\":\"https:\\\/\\\/tme-bienetre.fr\\\/#\\\/schema\\\/logo\\\/image\\\/\",\"url\":\"https:\\\/\\\/tme-bienetre.fr\\\/wp-content\\\/uploads\\\/2024\\\/06\\\/Logo-officiel.png\",\"contentUrl\":\"https:\\\/\\\/tme-bienetre.fr\\\/wp-content\\\/uploads\\\/2024\\\/06\\\/Logo-officiel.png\",\"width\":881,\"height\":765,\"caption\":\"TME Bien-\u00eatre - o\u00f9 l\u2019harmonie int\u00e9rieure prend racine\"},\"image\":{\"@id\":\"https:\\\/\\\/tme-bienetre.fr\\\/#\\\/schema\\\/logo\\\/image\\\/\"}}]}<\/script>\n<!-- \/ Yoast SEO plugin. -->","yoast_head_json":{"title":"Blog - TME Bien-\u00eatre - o\u00f9 l\u2019harmonie int\u00e9rieure prend racine","robots":{"index":"index","follow":"follow","max-snippet":"max-snippet:-1","max-image-preview":"max-image-preview:large","max-video-preview":"max-video-preview:-1"},"canonical":"https:\/\/tme-bienetre.fr\/index.php\/blog\/","og_locale":"fr_FR","og_type":"article","og_title":"Blog - TME Bien-\u00eatre - o\u00f9 l\u2019harmonie int\u00e9rieure prend racine","og_description":"blog o\u00f9 l\u2019harmonie int\u00e9rieure prend racine Besoin de r\u00e9server une s\u00e9ance de massage, de r\u00e9flexologie ou d\u2019hypnose ? Ou peut-\u00eatre souhaitez-vous parler \u00e0 un expert pour trouver la meilleure approche pour votre bien-\u00eatre ? Contactez-nous d\u00e8s maintenant et d\u00e9couvrez comment TME Bien-\u00eatre peut vous accompagner vers une harmonie int\u00e9rieure. Nous sommes l\u00e0 pour r\u00e9pondre \u00e0 [&hellip;]","og_url":"https:\/\/tme-bienetre.fr\/index.php\/blog\/","og_site_name":"TME Bien-\u00eatre - o\u00f9 l\u2019harmonie int\u00e9rieure prend racine","article_modified_time":"2024-08-14T12:35:35+00:00","og_image":[{"url":"https:\/\/tme-bienetre.fr\/wp-content\/uploads\/2024\/06\/back-massage-1024x683.jpg","type":"","width":"","height":""}],"twitter_card":"summary_large_image","twitter_misc":{"Dur\u00e9e de lecture estim\u00e9e":"2 minutes"},"schema":{"@context":"https:\/\/schema.org","@graph":[{"@type":"WebPage","@id":"https:\/\/tme-bienetre.fr\/index.php\/blog\/","url":"https:\/\/tme-bienetre.fr\/index.php\/blog\/","name":"Blog - TME Bien-\u00eatre - o\u00f9 l\u2019harmonie int\u00e9rieure prend racine","isPartOf":{"@id":"https:\/\/tme-bienetre.fr\/#website"},"primaryImageOfPage":{"@id":"https:\/\/tme-bienetre.fr\/index.php\/blog\/#primaryimage"},"image":{"@id":"https:\/\/tme-bienetre.fr\/index.php\/blog\/#primaryimage"},"thumbnailUrl":"https:\/\/tme-bienetre.fr\/wp-content\/uploads\/2024\/06\/back-massage-1024x683.jpg","datePublished":"2024-06-26T11:42:57+00:00","dateModified":"2024-08-14T12:35:35+00:00","breadcrumb":{"@id":"https:\/\/tme-bienetre.fr\/index.php\/blog\/#breadcrumb"},"inLanguage":"fr-FR","potentialAction":[{"@type":"ReadAction","target":["https:\/\/tme-bienetre.fr\/index.php\/blog\/"]}]},{"@type":"ImageObject","inLanguage":"fr-FR","@id":"https:\/\/tme-bienetre.fr\/index.php\/blog\/#primaryimage","url":"https:\/\/tme-bienetre.fr\/wp-content\/uploads\/2024\/06\/back-massage.jpg","contentUrl":"https:\/\/tme-bienetre.fr\/wp-content\/uploads\/2024\/06\/back-massage.jpg","width":2000,"height":1334,"caption":"Back Massage"},{"@type":"BreadcrumbList","@id":"https:\/\/tme-bienetre.fr\/index.php\/blog\/#breadcrumb","itemListElement":[{"@type":"ListItem","position":1,"name":"Accueil","item":"https:\/\/tme-bienetre.fr\/"},{"@type":"ListItem","position":2,"name":"Blog"}]},{"@type":"WebSite","@id":"https:\/\/tme-bienetre.fr\/#website","url":"https:\/\/tme-bienetre.fr\/","name":"TME Bien-\u00eatre - o\u00f9 l\u2019harmonie int\u00e9rieure prend racine","description":"\u00c9panouissez-vous avec TME Bien-\u00eatre","publisher":{"@id":"https:\/\/tme-bienetre.fr\/#organization"},"potentialAction":[{"@type":"SearchAction","target":{"@type":"EntryPoint","urlTemplate":"https:\/\/tme-bienetre.fr\/?s={search_term_string}"},"query-input":{"@type":"PropertyValueSpecification","valueRequired":true,"valueName":"search_term_string"}}],"inLanguage":"fr-FR"},{"@type":"Organization","@id":"https:\/\/tme-bienetre.fr\/#organization","name":"TME Bien-\u00eatre - o\u00f9 l\u2019harmonie int\u00e9rieure prend racine","url":"https:\/\/tme-bienetre.fr\/","logo":{"@type":"ImageObject","inLanguage":"fr-FR","@id":"https:\/\/tme-bienetre.fr\/#\/schema\/logo\/image\/","url":"https:\/\/tme-bienetre.fr\/wp-content\/uploads\/2024\/06\/Logo-officiel.png","contentUrl":"https:\/\/tme-bienetre.fr\/wp-content\/uploads\/2024\/06\/Logo-officiel.png","width":881,"height":765,"caption":"TME Bien-\u00eatre - o\u00f9 l\u2019harmonie int\u00e9rieure prend racine"},"image":{"@id":"https:\/\/tme-bienetre.fr\/#\/schema\/logo\/image\/"}}]}},"_links":{"self":[{"href":"https:\/\/tme-bienetre.fr\/index.php\/wp-json\/wp\/v2\/pages\/990","targetHints":{"allow":["GET"]}}],"collection":[{"href":"https:\/\/tme-bienetre.fr\/index.php\/wp-json\/wp\/v2\/pages"}],"about":[{"href":"https:\/\/tme-bienetre.fr\/index.php\/wp-json\/wp\/v2\/types\/page"}],"author":[{"embeddable":true,"href":"https:\/\/tme-bienetre.fr\/index.php\/wp-json\/wp\/v2\/users\/1"}],"replies":[{"embeddable":true,"href":"https:\/\/tme-bienetre.fr\/index.php\/wp-json\/wp\/v2\/comments?post=990"}],"version-history":[{"count":0,"href":"https:\/\/tme-bienetre.fr\/index.php\/wp-json\/wp\/v2\/pages\/990\/revisions"}],"wp:attachment":[{"href":"https:\/\/tme-bienetre.fr\/index.php\/wp-json\/wp\/v2\/media?parent=990"}],"curies":[{"name":"wp","href":"https:\/\/api.w.org\/{rel}","templated":true}]}}