{"id":463,"date":"2024-06-19T20:37:13","date_gmt":"2024-06-19T18:37:13","guid":{"rendered":"https:\/\/tme-bienetre.fr\/?page_id=463"},"modified":"2024-12-12T13:27:37","modified_gmt":"2024-12-12T12:27:37","slug":"plan-du-site","status":"publish","type":"page","link":"https:\/\/tme-bienetre.fr\/index.php\/plan-du-site\/","title":{"rendered":"Plan du site"},"content":{"rendered":"\t\t<div data-elementor-type=\"wp-page\" data-elementor-id=\"463\" class=\"elementor elementor-463\" data-elementor-post-type=\"page\">\n\t\t\t\t<div class=\"elementor-element elementor-element-b7b8abb e-flex e-con-boxed e-con e-parent\" data-id=\"b7b8abb\" data-element_type=\"container\" data-e-type=\"container\">\n\t\t\t\t\t<div class=\"e-con-inner\">\n\t\t\t\t<div class=\"elementor-element elementor-element-26bbcc2 elementor-widget elementor-widget-sitemap\" data-id=\"26bbcc2\" data-element_type=\"widget\" data-e-type=\"widget\" data-widget_type=\"sitemap.default\">\n\t\t\t\t<div class=\"elementor-widget-container\">\n\t\t\t\t\t<div class=\"elementor-sitemap-wrap\"><div class=\"elementor-sitemap-section\"><h2 class=\"elementor-sitemap-title elementor-sitemap-page-title\">Pages<\/h2><ul class=\"elementor-sitemap-list elementor-sitemap-page-list\"><li class=\"elementor-sitemap-item elementor-sitemap-item-page page_item page-item-539\"><a href=\"https:\/\/tme-bienetre.fr\/\">Accueil<\/a><\/li><li class=\"elementor-sitemap-item elementor-sitemap-item-page page_item page-item-558\"><a href=\"https:\/\/tme-bienetre.fr\/index.php\/a-propos\/\">\u00c0 propos<\/a><\/li><li class=\"elementor-sitemap-item elementor-sitemap-item-page page_item page-item-560\"><a href=\"https:\/\/tme-bienetre.fr\/index.php\/les-prestations\/\">Les prestations<\/a><\/li><li class=\"elementor-sitemap-item elementor-sitemap-item-page page_item page-item-561\"><a href=\"https:\/\/tme-bienetre.fr\/index.php\/contact\/\">Contact<\/a><\/li><li class=\"elementor-sitemap-item elementor-sitemap-item-page page_item page-item-459\"><a href=\"https:\/\/tme-bienetre.fr\/index.php\/politique-de-confidentialite\/\">Politique de confidentialit\u00e9<\/a><\/li><li class=\"elementor-sitemap-item elementor-sitemap-item-page page_item page-item-460\"><a href=\"https:\/\/tme-bienetre.fr\/index.php\/mentions-legales\/\">Mentions l\u00e9gales<\/a><\/li><li class=\"elementor-sitemap-item elementor-sitemap-item-page page_item page-item-463\"><a href=\"https:\/\/tme-bienetre.fr\/index.php\/plan-du-site\/\">Plan du site<\/a><\/li><li class=\"elementor-sitemap-item elementor-sitemap-item-page page_item page-item-990\"><a href=\"https:\/\/tme-bienetre.fr\/index.php\/blog\/\">Blog<\/a><\/li><li class=\"elementor-sitemap-item elementor-sitemap-item-page page_item page-item-508\"><a href=\"https:\/\/tme-bienetre.fr\/index.php\/politique-de-cookies-ue\/\">Politique de cookies (UE)<\/a><\/li><\/ul><\/div><\/div>\t\t\t\t<\/div>\n\t\t\t\t<\/div>\n\t\t\t\t\t<\/div>\n\t\t\t\t<\/div>\n\t\t\t\t<\/div>\n\t\t","protected":false},"excerpt":{"rendered":"","protected":false},"author":1,"featured_media":0,"parent":0,"menu_order":0,"comment_status":"closed","ping_status":"closed","template":"elementor_header_footer","meta":{"footnotes":""},"class_list":["post-463","page","type-page","status-publish","hentry"],"yoast_head":"<!-- This site is optimized with the Yoast SEO plugin v27.3 - https:\/\/yoast.com\/product\/yoast-seo-wordpress\/ -->\n<title>Plan du site - TME Bien-\u00eatre - o\u00f9 l\u2019harmonie int\u00e9rieure prend racine<\/title>\n<meta name=\"robots\" content=\"index, follow, max-snippet:-1, max-image-preview:large, max-video-preview:-1\" \/>\n<link rel=\"canonical\" href=\"https:\/\/tme-bienetre.fr\/index.php\/plan-du-site\/\" \/>\n<meta property=\"og:locale\" content=\"fr_FR\" \/>\n<meta property=\"og:type\" content=\"article\" \/>\n<meta property=\"og:title\" content=\"Plan du site - TME Bien-\u00eatre - o\u00f9 l\u2019harmonie int\u00e9rieure prend racine\" \/>\n<meta property=\"og:url\" content=\"https:\/\/tme-bienetre.fr\/index.php\/plan-du-site\/\" \/>\n<meta property=\"og:site_name\" content=\"TME Bien-\u00eatre - o\u00f9 l\u2019harmonie int\u00e9rieure prend racine\" \/>\n<meta property=\"article:modified_time\" content=\"2024-12-12T12:27:37+00:00\" \/>\n<meta name=\"twitter:card\" content=\"summary_large_image\" \/>\n<meta name=\"twitter:label1\" content=\"Dur\u00e9e de lecture estim\u00e9e\" \/>\n\t<meta name=\"twitter:data1\" content=\"1 minute\" \/>\n<script type=\"application\/ld+json\" class=\"yoast-schema-graph\">{\"@context\":\"https:\\\/\\\/schema.org\",\"@graph\":[{\"@type\":\"WebPage\",\"@id\":\"https:\\\/\\\/tme-bienetre.fr\\\/index.php\\\/plan-du-site\\\/\",\"url\":\"https:\\\/\\\/tme-bienetre.fr\\\/index.php\\\/plan-du-site\\\/\",\"name\":\"Plan du site - TME Bien-\u00eatre - o\u00f9 l\u2019harmonie int\u00e9rieure prend racine\",\"isPartOf\":{\"@id\":\"https:\\\/\\\/tme-bienetre.fr\\\/#website\"},\"datePublished\":\"2024-06-19T18:37:13+00:00\",\"dateModified\":\"2024-12-12T12:27:37+00:00\",\"breadcrumb\":{\"@id\":\"https:\\\/\\\/tme-bienetre.fr\\\/index.php\\\/plan-du-site\\\/#breadcrumb\"},\"inLanguage\":\"fr-FR\",\"potentialAction\":[{\"@type\":\"ReadAction\",\"target\":[\"https:\\\/\\\/tme-bienetre.fr\\\/index.php\\\/plan-du-site\\\/\"]}]},{\"@type\":\"BreadcrumbList\",\"@id\":\"https:\\\/\\\/tme-bienetre.fr\\\/index.php\\\/plan-du-site\\\/#breadcrumb\",\"itemListElement\":[{\"@type\":\"ListItem\",\"position\":1,\"name\":\"Accueil\",\"item\":\"https:\\\/\\\/tme-bienetre.fr\\\/\"},{\"@type\":\"ListItem\",\"position\":2,\"name\":\"Plan du site\"}]},{\"@type\":\"WebSite\",\"@id\":\"https:\\\/\\\/tme-bienetre.fr\\\/#website\",\"url\":\"https:\\\/\\\/tme-bienetre.fr\\\/\",\"name\":\"TME Bien-\u00eatre - o\u00f9 l\u2019harmonie int\u00e9rieure prend racine\",\"description\":\"\u00c9panouissez-vous avec TME Bien-\u00eatre\",\"publisher\":{\"@id\":\"https:\\\/\\\/tme-bienetre.fr\\\/#organization\"},\"potentialAction\":[{\"@type\":\"SearchAction\",\"target\":{\"@type\":\"EntryPoint\",\"urlTemplate\":\"https:\\\/\\\/tme-bienetre.fr\\\/?s={search_term_string}\"},\"query-input\":{\"@type\":\"PropertyValueSpecification\",\"valueRequired\":true,\"valueName\":\"search_term_string\"}}],\"inLanguage\":\"fr-FR\"},{\"@type\":\"Organization\",\"@id\":\"https:\\\/\\\/tme-bienetre.fr\\\/#organization\",\"name\":\"TME Bien-\u00eatre - o\u00f9 l\u2019harmonie int\u00e9rieure prend racine\",\"url\":\"https:\\\/\\\/tme-bienetre.fr\\\/\",\"logo\":{\"@type\":\"ImageObject\",\"inLanguage\":\"fr-FR\",\"@id\":\"https:\\\/\\\/tme-bienetre.fr\\\/#\\\/schema\\\/logo\\\/image\\\/\",\"url\":\"https:\\\/\\\/tme-bienetre.fr\\\/wp-content\\\/uploads\\\/2024\\\/06\\\/Logo-officiel.png\",\"contentUrl\":\"https:\\\/\\\/tme-bienetre.fr\\\/wp-content\\\/uploads\\\/2024\\\/06\\\/Logo-officiel.png\",\"width\":881,\"height\":765,\"caption\":\"TME Bien-\u00eatre - o\u00f9 l\u2019harmonie int\u00e9rieure prend racine\"},\"image\":{\"@id\":\"https:\\\/\\\/tme-bienetre.fr\\\/#\\\/schema\\\/logo\\\/image\\\/\"}}]}<\/script>\n<!-- \/ Yoast SEO plugin. -->","yoast_head_json":{"title":"Plan du site - TME Bien-\u00eatre - o\u00f9 l\u2019harmonie int\u00e9rieure prend racine","robots":{"index":"index","follow":"follow","max-snippet":"max-snippet:-1","max-image-preview":"max-image-preview:large","max-video-preview":"max-video-preview:-1"},"canonical":"https:\/\/tme-bienetre.fr\/index.php\/plan-du-site\/","og_locale":"fr_FR","og_type":"article","og_title":"Plan du site - TME Bien-\u00eatre - o\u00f9 l\u2019harmonie int\u00e9rieure prend racine","og_url":"https:\/\/tme-bienetre.fr\/index.php\/plan-du-site\/","og_site_name":"TME Bien-\u00eatre - o\u00f9 l\u2019harmonie int\u00e9rieure prend racine","article_modified_time":"2024-12-12T12:27:37+00:00","twitter_card":"summary_large_image","twitter_misc":{"Dur\u00e9e de lecture estim\u00e9e":"1 minute"},"schema":{"@context":"https:\/\/schema.org","@graph":[{"@type":"WebPage","@id":"https:\/\/tme-bienetre.fr\/index.php\/plan-du-site\/","url":"https:\/\/tme-bienetre.fr\/index.php\/plan-du-site\/","name":"Plan du site - TME Bien-\u00eatre - o\u00f9 l\u2019harmonie int\u00e9rieure prend racine","isPartOf":{"@id":"https:\/\/tme-bienetre.fr\/#website"},"datePublished":"2024-06-19T18:37:13+00:00","dateModified":"2024-12-12T12:27:37+00:00","breadcrumb":{"@id":"https:\/\/tme-bienetre.fr\/index.php\/plan-du-site\/#breadcrumb"},"inLanguage":"fr-FR","potentialAction":[{"@type":"ReadAction","target":["https:\/\/tme-bienetre.fr\/index.php\/plan-du-site\/"]}]},{"@type":"BreadcrumbList","@id":"https:\/\/tme-bienetre.fr\/index.php\/plan-du-site\/#breadcrumb","itemListElement":[{"@type":"ListItem","position":1,"name":"Accueil","item":"https:\/\/tme-bienetre.fr\/"},{"@type":"ListItem","position":2,"name":"Plan du site"}]},{"@type":"WebSite","@id":"https:\/\/tme-bienetre.fr\/#website","url":"https:\/\/tme-bienetre.fr\/","name":"TME Bien-\u00eatre - o\u00f9 l\u2019harmonie int\u00e9rieure prend racine","description":"\u00c9panouissez-vous avec TME Bien-\u00eatre","publisher":{"@id":"https:\/\/tme-bienetre.fr\/#organization"},"potentialAction":[{"@type":"SearchAction","target":{"@type":"EntryPoint","urlTemplate":"https:\/\/tme-bienetre.fr\/?s={search_term_string}"},"query-input":{"@type":"PropertyValueSpecification","valueRequired":true,"valueName":"search_term_string"}}],"inLanguage":"fr-FR"},{"@type":"Organization","@id":"https:\/\/tme-bienetre.fr\/#organization","name":"TME Bien-\u00eatre - o\u00f9 l\u2019harmonie int\u00e9rieure prend racine","url":"https:\/\/tme-bienetre.fr\/","logo":{"@type":"ImageObject","inLanguage":"fr-FR","@id":"https:\/\/tme-bienetre.fr\/#\/schema\/logo\/image\/","url":"https:\/\/tme-bienetre.fr\/wp-content\/uploads\/2024\/06\/Logo-officiel.png","contentUrl":"https:\/\/tme-bienetre.fr\/wp-content\/uploads\/2024\/06\/Logo-officiel.png","width":881,"height":765,"caption":"TME Bien-\u00eatre - o\u00f9 l\u2019harmonie int\u00e9rieure prend racine"},"image":{"@id":"https:\/\/tme-bienetre.fr\/#\/schema\/logo\/image\/"}}]}},"_links":{"self":[{"href":"https:\/\/tme-bienetre.fr\/index.php\/wp-json\/wp\/v2\/pages\/463","targetHints":{"allow":["GET"]}}],"collection":[{"href":"https:\/\/tme-bienetre.fr\/index.php\/wp-json\/wp\/v2\/pages"}],"about":[{"href":"https:\/\/tme-bienetre.fr\/index.php\/wp-json\/wp\/v2\/types\/page"}],"author":[{"embeddable":true,"href":"https:\/\/tme-bienetre.fr\/index.php\/wp-json\/wp\/v2\/users\/1"}],"replies":[{"embeddable":true,"href":"https:\/\/tme-bienetre.fr\/index.php\/wp-json\/wp\/v2\/comments?post=463"}],"version-history":[{"count":3,"href":"https:\/\/tme-bienetre.fr\/index.php\/wp-json\/wp\/v2\/pages\/463\/revisions"}],"predecessor-version":[{"id":1274,"href":"https:\/\/tme-bienetre.fr\/index.php\/wp-json\/wp\/v2\/pages\/463\/revisions\/1274"}],"wp:attachment":[{"href":"https:\/\/tme-bienetre.fr\/index.php\/wp-json\/wp\/v2\/media?parent=463"}],"curies":[{"name":"wp","href":"https:\/\/api.w.org\/{rel}","templated":true}]}}