{"id":460,"date":"2024-06-19T20:36:58","date_gmt":"2024-06-19T18:36:58","guid":{"rendered":"https:\/\/tme-bienetre.fr\/?page_id=460"},"modified":"2024-12-06T13:28:22","modified_gmt":"2024-12-06T12:28:22","slug":"mentions-legales","status":"publish","type":"page","link":"https:\/\/tme-bienetre.fr\/index.php\/mentions-legales\/","title":{"rendered":"Mentions l\u00e9gales"},"content":{"rendered":"\n<p>Alphacom est une agence de communication web, et \u00e9galement une agence de r\u00e9f\u00e9rencement dans la Vienne. Nous faisons de la cr\u00e9ation de site internet et \u00e9galement de la cr\u00e9ation de site e-commerce. Nous intervenons sur toute la France.<\/p>\n\n\n\n<p>Conform\u00e9ment aux dispositions des Articles 6-III et 19 de la loi pour la Confiance dans l\u2019Economie Num\u00e9rique, il est port\u00e9 \u00e0 la connaissance des utilisateurs et visiteurs du site&nbsp;www.tme-bienetre.fr les pr\u00e9sentes mentions l\u00e9gales.<\/p>\n\n\n\n<p>La connexion, l\u2019utilisation et l\u2019acc\u00e8s \u00e0 ce site impliquent l\u2019acceptation int\u00e9grale et sans r\u00e9serve de l\u2019internaute de toutes les dispositions des pr\u00e9sentes Mentions L\u00e9gales.<\/p>\n\n\n\n<h2 class=\"wp-block-heading\">ADMINISTRATEUR DU SITE<\/h2>\n\n\n\n<p>SAS Alpha One <br>Capital social de 1000\u20ac <br>Num\u00e9ro RCS : Poitiers B 979 930 765 <br>Si\u00e8ge social :120 rue du Porteau 86000 Poitiers <br>Num\u00e9ro SIRET : 979 930 765 000 16 <br>Code APE : 7021Z <br>Num\u00e9ro de TVA intracommunautaire : FR18979930765<\/p>\n\n\n\n<p>Adresse de messagerie :&nbsp;<a href=\"mailto:contact@alphacom-france.fr\">contact@alphacom-france.fr<\/a>&nbsp;T\u00e9l&nbsp;:&nbsp;09 77 72 77 35<\/p>\n\n\n\n<h2 class=\"wp-block-heading\">RAISON SOCIALE ET H\u00c9BERGEUR<\/h2>\n\n\n\n<p>Hostinger Si\u00e8ge social : 61 Lordou Vironos str. 6023 Chypre 0&nbsp;<a href=\"https:\/\/www.hostinger.fr\/\">https:\/\/www.hostinger.fr\/<\/a><\/p>\n\n\n\n<p>Directeur et responsable de publication <br>Nom du site :\u00a0<strong>www.tme-bienetre.fr<\/strong><br>Directeur de la publication :\u00a0<strong>Tiphaine Milleville<\/strong><br>Si\u00e8ge social :\u00a0<strong>4 Rue Charles de Gaulle, 95130 Le Plessis-Bouchard<\/strong><br>Raison sociale :\u00a0<strong>TME Bien-\u00eatre<\/strong><br>Num\u00e9ro SIRET :\u00a0<strong>98251835900012<\/strong><br>Code APE :\u00a0\/<br>Num\u00e9ro de TVA intracommunautaire :\u00a0\/<\/p>\n\n\n\n<p>Adresse de message :&nbsp;<strong>contact@tme-bienetre.fr<\/strong> T\u00e9l :&nbsp;<strong>06 40 37 41 48<\/strong><\/p>\n\n\n\n<h2 class=\"wp-block-heading\">DROIT D\u2019ACC\u00c8S, DE MODIFICATIONS, DE RECTIFICATION ET DE SUPPRESSION DES DONN\u00c9ES<\/h2>\n\n\n\n<p>Le site&nbsp;<strong><strong>www.tme-bienetre.fr<\/strong><\/strong>&nbsp;est par principe accessible aux utilisateurs 24\/24h et 7\/7j, sauf interruption, programm\u00e9e ou non, pour des besoins de maintenance ou en cas de force majeure. En cas d\u2019impossibilit\u00e9 d\u2019acc\u00e8s au site, celui-ci s\u2019engage \u00e0 faire son maximum afin d\u2019en r\u00e9tablir l\u2019acc\u00e8s.<\/p>\n\n\n\n<p>Le site&nbsp;<strong><strong>www.tme-bienetre.fr<\/strong><\/strong>&nbsp;est exempt\u00e9 de d\u00e9claration \u00e0 la Commission Nationale Informatique et Libert\u00e9s (CNIL) dans la mesure o\u00f9 il ne collecte aucune donn\u00e9e des utilisateurs.<\/p>\n\n\n\n<p>Selon l\u2019Article L335-2 et le Code de la Propri\u00e9t\u00e9 Intellectuelle&nbsp;: \u00ab&nbsp;toute \u00e9dition d\u2019\u00e9crits, de composition musicale, de dessin, de peinture ou de toute autre production, imprim\u00e9e ou grav\u00e9e en entier ou en partie, au m\u00e9pris des lois et r\u00e8glements relatifs \u00e0 la propri\u00e9t\u00e9 des auteurs, est une contrefa\u00e7on et toute contrefa\u00e7on est un d\u00e9lit.&nbsp;\u00bb<\/p>\n\n\n\n<p>Selon l\u2019Article 6 de la loi pour la confiance dans l\u2019\u00e9conomie num\u00e9rique, la soci\u00e9t\u00e9&nbsp;<strong>TME Bien-\u00eatre<\/strong>&nbsp;ne pourra pas \u00eatre tenue responsable des publications ant\u00e9rieures \u00e0 une modification des dispositions administratives et juridiques. Elle ne pourra pas \u00eatre tenue responsable \u00e9galement de l\u2019utilisation et de l\u2019interpr\u00e9tation des contenus de son site internet. La soci\u00e9t\u00e9 <strong>TME Bien-\u00eatre<\/strong>&nbsp;ne garantit pas que le site internet soit exempt de d\u00e9fauts, d\u2019erreurs ou d\u2019omissions.<\/p>\n\n\n\n<p>La soci\u00e9t\u00e9&nbsp;<strong><strong>TME Bien-\u00eatre<\/strong><\/strong>&nbsp;a le droit de modifier le contenu de ces offres commerciales \u00e0 tout moment.<\/p>\n\n\n\n<p>Pour tout signalement de contenus ou d\u2019activit\u00e9s illicites, l\u2019utilisateur peut contacter l\u2019\u00e9diteur \u00e0 l\u2019adresse suivante :&nbsp;<a href=\"mailto:contact@alphacom-france.fr\">contact@alphacom-france.fr<\/a>&nbsp;ou par courrier recommand\u00e9 avec accus\u00e9 de r\u00e9ception adress\u00e9 \u00e0 l\u2019\u00e9diteur aux coordonn\u00e9es pr\u00e9cis\u00e9es dans les pr\u00e9sentes mentions l\u00e9gales.<\/p>\n","protected":false},"excerpt":{"rendered":"<p>Alphacom est une agence de communication web, et \u00e9galement une agence de r\u00e9f\u00e9rencement dans la Vienne. Nous faisons de la cr\u00e9ation de site internet et \u00e9galement de la cr\u00e9ation de site e-commerce. Nous intervenons sur toute la France. Conform\u00e9ment aux dispositions des Articles 6-III et 19 de la loi pour la Confiance dans l\u2019Economie Num\u00e9rique, [&hellip;]<\/p>\n","protected":false},"author":1,"featured_media":0,"parent":0,"menu_order":0,"comment_status":"closed","ping_status":"closed","template":"","meta":{"footnotes":""},"class_list":["post-460","page","type-page","status-publish","hentry"],"yoast_head":"<!-- This site is optimized with the Yoast SEO plugin v27.3 - https:\/\/yoast.com\/product\/yoast-seo-wordpress\/ -->\n<title>Mentions l\u00e9gales - TME Bien-\u00eatre - o\u00f9 l\u2019harmonie int\u00e9rieure prend racine<\/title>\n<meta name=\"robots\" content=\"index, follow, max-snippet:-1, max-image-preview:large, max-video-preview:-1\" \/>\n<link rel=\"canonical\" href=\"https:\/\/tme-bienetre.fr\/index.php\/mentions-legales\/\" \/>\n<meta property=\"og:locale\" content=\"fr_FR\" \/>\n<meta property=\"og:type\" content=\"article\" \/>\n<meta property=\"og:title\" content=\"Mentions l\u00e9gales - TME Bien-\u00eatre - o\u00f9 l\u2019harmonie int\u00e9rieure prend racine\" \/>\n<meta property=\"og:description\" content=\"Alphacom est une agence de communication web, et \u00e9galement une agence de r\u00e9f\u00e9rencement dans la Vienne. Nous faisons de la cr\u00e9ation de site internet et \u00e9galement de la cr\u00e9ation de site e-commerce. Nous intervenons sur toute la France. Conform\u00e9ment aux dispositions des Articles 6-III et 19 de la loi pour la Confiance dans l\u2019Economie Num\u00e9rique, [&hellip;]\" \/>\n<meta property=\"og:url\" content=\"https:\/\/tme-bienetre.fr\/index.php\/mentions-legales\/\" \/>\n<meta property=\"og:site_name\" content=\"TME Bien-\u00eatre - o\u00f9 l\u2019harmonie int\u00e9rieure prend racine\" \/>\n<meta property=\"article:modified_time\" content=\"2024-12-06T12:28:22+00:00\" \/>\n<meta name=\"twitter:card\" content=\"summary_large_image\" \/>\n<meta name=\"twitter:label1\" content=\"Dur\u00e9e de lecture estim\u00e9e\" \/>\n\t<meta name=\"twitter:data1\" content=\"3 minutes\" \/>\n<script type=\"application\/ld+json\" class=\"yoast-schema-graph\">{\"@context\":\"https:\\\/\\\/schema.org\",\"@graph\":[{\"@type\":\"WebPage\",\"@id\":\"https:\\\/\\\/tme-bienetre.fr\\\/index.php\\\/mentions-legales\\\/\",\"url\":\"https:\\\/\\\/tme-bienetre.fr\\\/index.php\\\/mentions-legales\\\/\",\"name\":\"Mentions l\u00e9gales - TME Bien-\u00eatre - o\u00f9 l\u2019harmonie int\u00e9rieure prend racine\",\"isPartOf\":{\"@id\":\"https:\\\/\\\/tme-bienetre.fr\\\/#website\"},\"datePublished\":\"2024-06-19T18:36:58+00:00\",\"dateModified\":\"2024-12-06T12:28:22+00:00\",\"breadcrumb\":{\"@id\":\"https:\\\/\\\/tme-bienetre.fr\\\/index.php\\\/mentions-legales\\\/#breadcrumb\"},\"inLanguage\":\"fr-FR\",\"potentialAction\":[{\"@type\":\"ReadAction\",\"target\":[\"https:\\\/\\\/tme-bienetre.fr\\\/index.php\\\/mentions-legales\\\/\"]}]},{\"@type\":\"BreadcrumbList\",\"@id\":\"https:\\\/\\\/tme-bienetre.fr\\\/index.php\\\/mentions-legales\\\/#breadcrumb\",\"itemListElement\":[{\"@type\":\"ListItem\",\"position\":1,\"name\":\"Accueil\",\"item\":\"https:\\\/\\\/tme-bienetre.fr\\\/\"},{\"@type\":\"ListItem\",\"position\":2,\"name\":\"Mentions l\u00e9gales\"}]},{\"@type\":\"WebSite\",\"@id\":\"https:\\\/\\\/tme-bienetre.fr\\\/#website\",\"url\":\"https:\\\/\\\/tme-bienetre.fr\\\/\",\"name\":\"TME Bien-\u00eatre - o\u00f9 l\u2019harmonie int\u00e9rieure prend racine\",\"description\":\"\u00c9panouissez-vous avec TME Bien-\u00eatre\",\"publisher\":{\"@id\":\"https:\\\/\\\/tme-bienetre.fr\\\/#organization\"},\"potentialAction\":[{\"@type\":\"SearchAction\",\"target\":{\"@type\":\"EntryPoint\",\"urlTemplate\":\"https:\\\/\\\/tme-bienetre.fr\\\/?s={search_term_string}\"},\"query-input\":{\"@type\":\"PropertyValueSpecification\",\"valueRequired\":true,\"valueName\":\"search_term_string\"}}],\"inLanguage\":\"fr-FR\"},{\"@type\":\"Organization\",\"@id\":\"https:\\\/\\\/tme-bienetre.fr\\\/#organization\",\"name\":\"TME Bien-\u00eatre - o\u00f9 l\u2019harmonie int\u00e9rieure prend racine\",\"url\":\"https:\\\/\\\/tme-bienetre.fr\\\/\",\"logo\":{\"@type\":\"ImageObject\",\"inLanguage\":\"fr-FR\",\"@id\":\"https:\\\/\\\/tme-bienetre.fr\\\/#\\\/schema\\\/logo\\\/image\\\/\",\"url\":\"https:\\\/\\\/tme-bienetre.fr\\\/wp-content\\\/uploads\\\/2024\\\/06\\\/Logo-officiel.png\",\"contentUrl\":\"https:\\\/\\\/tme-bienetre.fr\\\/wp-content\\\/uploads\\\/2024\\\/06\\\/Logo-officiel.png\",\"width\":881,\"height\":765,\"caption\":\"TME Bien-\u00eatre - o\u00f9 l\u2019harmonie int\u00e9rieure prend racine\"},\"image\":{\"@id\":\"https:\\\/\\\/tme-bienetre.fr\\\/#\\\/schema\\\/logo\\\/image\\\/\"}}]}<\/script>\n<!-- \/ Yoast SEO plugin. -->","yoast_head_json":{"title":"Mentions l\u00e9gales - TME Bien-\u00eatre - o\u00f9 l\u2019harmonie int\u00e9rieure prend racine","robots":{"index":"index","follow":"follow","max-snippet":"max-snippet:-1","max-image-preview":"max-image-preview:large","max-video-preview":"max-video-preview:-1"},"canonical":"https:\/\/tme-bienetre.fr\/index.php\/mentions-legales\/","og_locale":"fr_FR","og_type":"article","og_title":"Mentions l\u00e9gales - TME Bien-\u00eatre - o\u00f9 l\u2019harmonie int\u00e9rieure prend racine","og_description":"Alphacom est une agence de communication web, et \u00e9galement une agence de r\u00e9f\u00e9rencement dans la Vienne. Nous faisons de la cr\u00e9ation de site internet et \u00e9galement de la cr\u00e9ation de site e-commerce. Nous intervenons sur toute la France. Conform\u00e9ment aux dispositions des Articles 6-III et 19 de la loi pour la Confiance dans l\u2019Economie Num\u00e9rique, [&hellip;]","og_url":"https:\/\/tme-bienetre.fr\/index.php\/mentions-legales\/","og_site_name":"TME Bien-\u00eatre - o\u00f9 l\u2019harmonie int\u00e9rieure prend racine","article_modified_time":"2024-12-06T12:28:22+00:00","twitter_card":"summary_large_image","twitter_misc":{"Dur\u00e9e de lecture estim\u00e9e":"3 minutes"},"schema":{"@context":"https:\/\/schema.org","@graph":[{"@type":"WebPage","@id":"https:\/\/tme-bienetre.fr\/index.php\/mentions-legales\/","url":"https:\/\/tme-bienetre.fr\/index.php\/mentions-legales\/","name":"Mentions l\u00e9gales - TME Bien-\u00eatre - o\u00f9 l\u2019harmonie int\u00e9rieure prend racine","isPartOf":{"@id":"https:\/\/tme-bienetre.fr\/#website"},"datePublished":"2024-06-19T18:36:58+00:00","dateModified":"2024-12-06T12:28:22+00:00","breadcrumb":{"@id":"https:\/\/tme-bienetre.fr\/index.php\/mentions-legales\/#breadcrumb"},"inLanguage":"fr-FR","potentialAction":[{"@type":"ReadAction","target":["https:\/\/tme-bienetre.fr\/index.php\/mentions-legales\/"]}]},{"@type":"BreadcrumbList","@id":"https:\/\/tme-bienetre.fr\/index.php\/mentions-legales\/#breadcrumb","itemListElement":[{"@type":"ListItem","position":1,"name":"Accueil","item":"https:\/\/tme-bienetre.fr\/"},{"@type":"ListItem","position":2,"name":"Mentions l\u00e9gales"}]},{"@type":"WebSite","@id":"https:\/\/tme-bienetre.fr\/#website","url":"https:\/\/tme-bienetre.fr\/","name":"TME Bien-\u00eatre - o\u00f9 l\u2019harmonie int\u00e9rieure prend racine","description":"\u00c9panouissez-vous avec TME Bien-\u00eatre","publisher":{"@id":"https:\/\/tme-bienetre.fr\/#organization"},"potentialAction":[{"@type":"SearchAction","target":{"@type":"EntryPoint","urlTemplate":"https:\/\/tme-bienetre.fr\/?s={search_term_string}"},"query-input":{"@type":"PropertyValueSpecification","valueRequired":true,"valueName":"search_term_string"}}],"inLanguage":"fr-FR"},{"@type":"Organization","@id":"https:\/\/tme-bienetre.fr\/#organization","name":"TME Bien-\u00eatre - o\u00f9 l\u2019harmonie int\u00e9rieure prend racine","url":"https:\/\/tme-bienetre.fr\/","logo":{"@type":"ImageObject","inLanguage":"fr-FR","@id":"https:\/\/tme-bienetre.fr\/#\/schema\/logo\/image\/","url":"https:\/\/tme-bienetre.fr\/wp-content\/uploads\/2024\/06\/Logo-officiel.png","contentUrl":"https:\/\/tme-bienetre.fr\/wp-content\/uploads\/2024\/06\/Logo-officiel.png","width":881,"height":765,"caption":"TME Bien-\u00eatre - o\u00f9 l\u2019harmonie int\u00e9rieure prend racine"},"image":{"@id":"https:\/\/tme-bienetre.fr\/#\/schema\/logo\/image\/"}}]}},"_links":{"self":[{"href":"https:\/\/tme-bienetre.fr\/index.php\/wp-json\/wp\/v2\/pages\/460","targetHints":{"allow":["GET"]}}],"collection":[{"href":"https:\/\/tme-bienetre.fr\/index.php\/wp-json\/wp\/v2\/pages"}],"about":[{"href":"https:\/\/tme-bienetre.fr\/index.php\/wp-json\/wp\/v2\/types\/page"}],"author":[{"embeddable":true,"href":"https:\/\/tme-bienetre.fr\/index.php\/wp-json\/wp\/v2\/users\/1"}],"replies":[{"embeddable":true,"href":"https:\/\/tme-bienetre.fr\/index.php\/wp-json\/wp\/v2\/comments?post=460"}],"version-history":[{"count":0,"href":"https:\/\/tme-bienetre.fr\/index.php\/wp-json\/wp\/v2\/pages\/460\/revisions"}],"wp:attachment":[{"href":"https:\/\/tme-bienetre.fr\/index.php\/wp-json\/wp\/v2\/media?parent=460"}],"curies":[{"name":"wp","href":"https:\/\/api.w.org\/{rel}","templated":true}]}}