{"id":459,"date":"2024-06-19T20:36:48","date_gmt":"2024-06-19T18:36:48","guid":{"rendered":"https:\/\/tme-bienetre.fr\/?page_id=459"},"modified":"2024-06-26T14:12:07","modified_gmt":"2024-06-26T12:12:07","slug":"politique-de-confidentialite","status":"publish","type":"page","link":"https:\/\/tme-bienetre.fr\/index.php\/politique-de-confidentialite\/","title":{"rendered":"Politique de confidentialit\u00e9"},"content":{"rendered":"\n<h2 class=\"wp-block-heading\">Qui sommes-nous&nbsp;?<\/h2>\n\n\n\n<p>L\u2019adresse de notre site est\u00a0:\u00a0<strong><a href=\"http:\/\/www.tme-bienetre.fr\">www.tme-bienetre.fr<\/a><\/strong><\/p>\n\n\n\n<h2 class=\"wp-block-heading\">M\u00e9dias<\/h2>\n\n\n\n<p>Si vous t\u00e9l\u00e9versez des images sur le site, nous vous conseillons d\u2019\u00e9viter de t\u00e9l\u00e9verser des images contenant des donn\u00e9es EXIF de coordonn\u00e9es GPS. Les personnes visitant le site peuvent t\u00e9l\u00e9charger et extraire des donn\u00e9es de localisation depuis ces images.<\/p>\n\n\n\n<h2 class=\"wp-block-heading\">Cookies<\/h2>\n\n\n\n<p>Pour une transparence totale et pour vous offrir une navigation adapt\u00e9e \u00e0 vos pr\u00e9f\u00e9rences, nous avons mis en place une Politique des Cookies d\u00e9taill\u00e9e. Vous y trouverez toutes les informations concernant les cookies que nous utilisons, leur objectif, ainsi que les instructions pour g\u00e9rer vos pr\u00e9f\u00e9rences de cookies. Nous vous invitons \u00e0 consulter notre Politique des Cookies pour en savoir plus et pour personnaliser votre exp\u00e9rience sur notre site. Vous pouvez d\u00e9couvrir notre politique de cookies en cliquant&nbsp;<strong><a href=\"https:\/\/tme-bienetre.fr\/index.php\/politique-de-cookies-ue\/\">ici<\/a><\/strong><\/p>\n\n\n\n<h2 class=\"wp-block-heading\">Contenu embarqu\u00e9 depuis d\u2019autres sites<\/h2>\n\n\n\n<p>Les articles de ce site peuvent inclure des contenus int\u00e9gr\u00e9s (par exemple des vid\u00e9os, images, articles\u2026). Le contenu int\u00e9gr\u00e9 depuis d\u2019autres sites se comporte de la m\u00eame mani\u00e8re que si le visiteur se rendait sur cet autre site.<\/p>\n\n\n\n<p>Ces sites web pourraient collecter des donn\u00e9es sur vous, utiliser des cookies, embarquer des outils de suivis tiers, suivre vos interactions avec ces contenus embarqu\u00e9s si vous disposez d\u2019un compte connect\u00e9 sur leur site web.<\/p>\n\n\n\n<h2 class=\"wp-block-heading\">Utilisation et transmission de vos donn\u00e9es personnelles<\/h2>\n\n\n\n<p>Si vous demandez une r\u00e9initialisation de votre mot de passe, votre adresse IP sera incluse dans l\u2019e-mail de r\u00e9initialisation.<\/p>\n\n\n\n<h2 class=\"wp-block-heading\">Dur\u00e9es de stockage de vos donn\u00e9es<\/h2>\n\n\n\n<p>Pour les comptes qui s\u2019inscrivent sur notre site (le cas \u00e9ch\u00e9ant), nous stockons \u00e9galement les donn\u00e9es personnelles indiqu\u00e9es dans leur profil. Tous les comptes peuvent voir, modifier ou supprimer leurs informations personnelles \u00e0 tout moment (\u00e0 l\u2019exception de leur identifiant). Les gestionnaires du site peuvent aussi voir et modifier ces informations.<\/p>\n\n\n\n<h2 class=\"wp-block-heading\">Les droits que vous avez sur vos donn\u00e9es<\/h2>\n\n\n\n<p>Vous pouvez demander la suppression des donn\u00e9es personnelles vous concernant. Cela ne prend pas en compte les donn\u00e9es stock\u00e9es \u00e0 des fins administratives, l\u00e9gales ou pour des raisons de s\u00e9curit\u00e9.<\/p>\n\n\n\n<h2 class=\"wp-block-heading\">O\u00f9 vos donn\u00e9es sont envoy\u00e9es<\/h2>\n\n\n\n<p>Les commentaires des visiteurs peuvent \u00eatre v\u00e9rifi\u00e9s \u00e0 l\u2019aide d\u2019un service automatis\u00e9 de d\u00e9tection des commentaires ind\u00e9sirables. Les demandes r\u00e9alis\u00e9es via le formulaire de contact sont stock\u00e9es sur le serveur du site, ainsi que dans la boite e-mail du destinataire et ne sont pas partag\u00e9es avec un tiers.<\/p>\n","protected":false},"excerpt":{"rendered":"<p>Qui sommes-nous&nbsp;? L\u2019adresse de notre site est\u00a0:\u00a0www.tme-bienetre.fr M\u00e9dias Si vous t\u00e9l\u00e9versez des images sur le site, nous vous conseillons d\u2019\u00e9viter de t\u00e9l\u00e9verser des images contenant des donn\u00e9es EXIF de coordonn\u00e9es GPS. Les personnes visitant le site peuvent t\u00e9l\u00e9charger et extraire des donn\u00e9es de localisation depuis ces images. Cookies Pour une transparence totale et pour vous [&hellip;]<\/p>\n","protected":false},"author":1,"featured_media":0,"parent":0,"menu_order":0,"comment_status":"closed","ping_status":"closed","template":"","meta":{"footnotes":""},"class_list":["post-459","page","type-page","status-publish","hentry"],"yoast_head":"<!-- This site is optimized with the Yoast SEO plugin v27.3 - https:\/\/yoast.com\/product\/yoast-seo-wordpress\/ -->\n<title>Politique de confidentialit\u00e9 - TME Bien-\u00eatre - o\u00f9 l\u2019harmonie int\u00e9rieure prend racine<\/title>\n<meta name=\"robots\" content=\"index, follow, max-snippet:-1, max-image-preview:large, max-video-preview:-1\" \/>\n<link rel=\"canonical\" href=\"https:\/\/tme-bienetre.fr\/index.php\/politique-de-confidentialite\/\" \/>\n<meta property=\"og:locale\" content=\"fr_FR\" \/>\n<meta property=\"og:type\" content=\"article\" \/>\n<meta property=\"og:title\" content=\"Politique de confidentialit\u00e9 - TME Bien-\u00eatre - o\u00f9 l\u2019harmonie int\u00e9rieure prend racine\" \/>\n<meta property=\"og:description\" content=\"Qui sommes-nous&nbsp;? L\u2019adresse de notre site est\u00a0:\u00a0www.tme-bienetre.fr M\u00e9dias Si vous t\u00e9l\u00e9versez des images sur le site, nous vous conseillons d\u2019\u00e9viter de t\u00e9l\u00e9verser des images contenant des donn\u00e9es EXIF de coordonn\u00e9es GPS. Les personnes visitant le site peuvent t\u00e9l\u00e9charger et extraire des donn\u00e9es de localisation depuis ces images. Cookies Pour une transparence totale et pour vous [&hellip;]\" \/>\n<meta property=\"og:url\" content=\"https:\/\/tme-bienetre.fr\/index.php\/politique-de-confidentialite\/\" \/>\n<meta property=\"og:site_name\" content=\"TME Bien-\u00eatre - o\u00f9 l\u2019harmonie int\u00e9rieure prend racine\" \/>\n<meta property=\"article:modified_time\" content=\"2024-06-26T12:12:07+00:00\" \/>\n<meta name=\"twitter:card\" content=\"summary_large_image\" \/>\n<meta name=\"twitter:label1\" content=\"Dur\u00e9e de lecture estim\u00e9e\" \/>\n\t<meta name=\"twitter:data1\" content=\"2 minutes\" \/>\n<script type=\"application\/ld+json\" class=\"yoast-schema-graph\">{\"@context\":\"https:\\\/\\\/schema.org\",\"@graph\":[{\"@type\":\"WebPage\",\"@id\":\"https:\\\/\\\/tme-bienetre.fr\\\/index.php\\\/politique-de-confidentialite\\\/\",\"url\":\"https:\\\/\\\/tme-bienetre.fr\\\/index.php\\\/politique-de-confidentialite\\\/\",\"name\":\"Politique de confidentialit\u00e9 - TME Bien-\u00eatre - o\u00f9 l\u2019harmonie int\u00e9rieure prend racine\",\"isPartOf\":{\"@id\":\"https:\\\/\\\/tme-bienetre.fr\\\/#website\"},\"datePublished\":\"2024-06-19T18:36:48+00:00\",\"dateModified\":\"2024-06-26T12:12:07+00:00\",\"breadcrumb\":{\"@id\":\"https:\\\/\\\/tme-bienetre.fr\\\/index.php\\\/politique-de-confidentialite\\\/#breadcrumb\"},\"inLanguage\":\"fr-FR\",\"potentialAction\":[{\"@type\":\"ReadAction\",\"target\":[\"https:\\\/\\\/tme-bienetre.fr\\\/index.php\\\/politique-de-confidentialite\\\/\"]}]},{\"@type\":\"BreadcrumbList\",\"@id\":\"https:\\\/\\\/tme-bienetre.fr\\\/index.php\\\/politique-de-confidentialite\\\/#breadcrumb\",\"itemListElement\":[{\"@type\":\"ListItem\",\"position\":1,\"name\":\"Accueil\",\"item\":\"https:\\\/\\\/tme-bienetre.fr\\\/\"},{\"@type\":\"ListItem\",\"position\":2,\"name\":\"Politique de confidentialit\u00e9\"}]},{\"@type\":\"WebSite\",\"@id\":\"https:\\\/\\\/tme-bienetre.fr\\\/#website\",\"url\":\"https:\\\/\\\/tme-bienetre.fr\\\/\",\"name\":\"TME Bien-\u00eatre - o\u00f9 l\u2019harmonie int\u00e9rieure prend racine\",\"description\":\"\u00c9panouissez-vous avec TME Bien-\u00eatre\",\"publisher\":{\"@id\":\"https:\\\/\\\/tme-bienetre.fr\\\/#organization\"},\"potentialAction\":[{\"@type\":\"SearchAction\",\"target\":{\"@type\":\"EntryPoint\",\"urlTemplate\":\"https:\\\/\\\/tme-bienetre.fr\\\/?s={search_term_string}\"},\"query-input\":{\"@type\":\"PropertyValueSpecification\",\"valueRequired\":true,\"valueName\":\"search_term_string\"}}],\"inLanguage\":\"fr-FR\"},{\"@type\":\"Organization\",\"@id\":\"https:\\\/\\\/tme-bienetre.fr\\\/#organization\",\"name\":\"TME Bien-\u00eatre - o\u00f9 l\u2019harmonie int\u00e9rieure prend racine\",\"url\":\"https:\\\/\\\/tme-bienetre.fr\\\/\",\"logo\":{\"@type\":\"ImageObject\",\"inLanguage\":\"fr-FR\",\"@id\":\"https:\\\/\\\/tme-bienetre.fr\\\/#\\\/schema\\\/logo\\\/image\\\/\",\"url\":\"https:\\\/\\\/tme-bienetre.fr\\\/wp-content\\\/uploads\\\/2024\\\/06\\\/Logo-officiel.png\",\"contentUrl\":\"https:\\\/\\\/tme-bienetre.fr\\\/wp-content\\\/uploads\\\/2024\\\/06\\\/Logo-officiel.png\",\"width\":881,\"height\":765,\"caption\":\"TME Bien-\u00eatre - o\u00f9 l\u2019harmonie int\u00e9rieure prend racine\"},\"image\":{\"@id\":\"https:\\\/\\\/tme-bienetre.fr\\\/#\\\/schema\\\/logo\\\/image\\\/\"}}]}<\/script>\n<!-- \/ Yoast SEO plugin. -->","yoast_head_json":{"title":"Politique de confidentialit\u00e9 - TME Bien-\u00eatre - o\u00f9 l\u2019harmonie int\u00e9rieure prend racine","robots":{"index":"index","follow":"follow","max-snippet":"max-snippet:-1","max-image-preview":"max-image-preview:large","max-video-preview":"max-video-preview:-1"},"canonical":"https:\/\/tme-bienetre.fr\/index.php\/politique-de-confidentialite\/","og_locale":"fr_FR","og_type":"article","og_title":"Politique de confidentialit\u00e9 - TME Bien-\u00eatre - o\u00f9 l\u2019harmonie int\u00e9rieure prend racine","og_description":"Qui sommes-nous&nbsp;? L\u2019adresse de notre site est\u00a0:\u00a0www.tme-bienetre.fr M\u00e9dias Si vous t\u00e9l\u00e9versez des images sur le site, nous vous conseillons d\u2019\u00e9viter de t\u00e9l\u00e9verser des images contenant des donn\u00e9es EXIF de coordonn\u00e9es GPS. Les personnes visitant le site peuvent t\u00e9l\u00e9charger et extraire des donn\u00e9es de localisation depuis ces images. Cookies Pour une transparence totale et pour vous [&hellip;]","og_url":"https:\/\/tme-bienetre.fr\/index.php\/politique-de-confidentialite\/","og_site_name":"TME Bien-\u00eatre - o\u00f9 l\u2019harmonie int\u00e9rieure prend racine","article_modified_time":"2024-06-26T12:12:07+00:00","twitter_card":"summary_large_image","twitter_misc":{"Dur\u00e9e de lecture estim\u00e9e":"2 minutes"},"schema":{"@context":"https:\/\/schema.org","@graph":[{"@type":"WebPage","@id":"https:\/\/tme-bienetre.fr\/index.php\/politique-de-confidentialite\/","url":"https:\/\/tme-bienetre.fr\/index.php\/politique-de-confidentialite\/","name":"Politique de confidentialit\u00e9 - TME Bien-\u00eatre - o\u00f9 l\u2019harmonie int\u00e9rieure prend racine","isPartOf":{"@id":"https:\/\/tme-bienetre.fr\/#website"},"datePublished":"2024-06-19T18:36:48+00:00","dateModified":"2024-06-26T12:12:07+00:00","breadcrumb":{"@id":"https:\/\/tme-bienetre.fr\/index.php\/politique-de-confidentialite\/#breadcrumb"},"inLanguage":"fr-FR","potentialAction":[{"@type":"ReadAction","target":["https:\/\/tme-bienetre.fr\/index.php\/politique-de-confidentialite\/"]}]},{"@type":"BreadcrumbList","@id":"https:\/\/tme-bienetre.fr\/index.php\/politique-de-confidentialite\/#breadcrumb","itemListElement":[{"@type":"ListItem","position":1,"name":"Accueil","item":"https:\/\/tme-bienetre.fr\/"},{"@type":"ListItem","position":2,"name":"Politique de confidentialit\u00e9"}]},{"@type":"WebSite","@id":"https:\/\/tme-bienetre.fr\/#website","url":"https:\/\/tme-bienetre.fr\/","name":"TME Bien-\u00eatre - o\u00f9 l\u2019harmonie int\u00e9rieure prend racine","description":"\u00c9panouissez-vous avec TME Bien-\u00eatre","publisher":{"@id":"https:\/\/tme-bienetre.fr\/#organization"},"potentialAction":[{"@type":"SearchAction","target":{"@type":"EntryPoint","urlTemplate":"https:\/\/tme-bienetre.fr\/?s={search_term_string}"},"query-input":{"@type":"PropertyValueSpecification","valueRequired":true,"valueName":"search_term_string"}}],"inLanguage":"fr-FR"},{"@type":"Organization","@id":"https:\/\/tme-bienetre.fr\/#organization","name":"TME Bien-\u00eatre - o\u00f9 l\u2019harmonie int\u00e9rieure prend racine","url":"https:\/\/tme-bienetre.fr\/","logo":{"@type":"ImageObject","inLanguage":"fr-FR","@id":"https:\/\/tme-bienetre.fr\/#\/schema\/logo\/image\/","url":"https:\/\/tme-bienetre.fr\/wp-content\/uploads\/2024\/06\/Logo-officiel.png","contentUrl":"https:\/\/tme-bienetre.fr\/wp-content\/uploads\/2024\/06\/Logo-officiel.png","width":881,"height":765,"caption":"TME Bien-\u00eatre - o\u00f9 l\u2019harmonie int\u00e9rieure prend racine"},"image":{"@id":"https:\/\/tme-bienetre.fr\/#\/schema\/logo\/image\/"}}]}},"_links":{"self":[{"href":"https:\/\/tme-bienetre.fr\/index.php\/wp-json\/wp\/v2\/pages\/459","targetHints":{"allow":["GET"]}}],"collection":[{"href":"https:\/\/tme-bienetre.fr\/index.php\/wp-json\/wp\/v2\/pages"}],"about":[{"href":"https:\/\/tme-bienetre.fr\/index.php\/wp-json\/wp\/v2\/types\/page"}],"author":[{"embeddable":true,"href":"https:\/\/tme-bienetre.fr\/index.php\/wp-json\/wp\/v2\/users\/1"}],"replies":[{"embeddable":true,"href":"https:\/\/tme-bienetre.fr\/index.php\/wp-json\/wp\/v2\/comments?post=459"}],"version-history":[{"count":0,"href":"https:\/\/tme-bienetre.fr\/index.php\/wp-json\/wp\/v2\/pages\/459\/revisions"}],"wp:attachment":[{"href":"https:\/\/tme-bienetre.fr\/index.php\/wp-json\/wp\/v2\/media?parent=459"}],"curies":[{"name":"wp","href":"https:\/\/api.w.org\/{rel}","templated":true}]}}